{"id":832,"date":"2020-11-28T17:54:45","date_gmt":"2020-11-28T17:54:45","guid":{"rendered":"https:\/\/www.esrayaman.com\/blog\/?page_id=832"},"modified":"2025-03-28T11:52:33","modified_gmt":"2025-03-28T11:52:33","slug":"terapi-nasil-isler","status":"publish","type":"page","link":"https:\/\/www.esrayaman.com\/blog\/tr\/terapi-nasil-isler\/","title":{"rendered":"Terapi Nas\u0131l \u0130\u015fler"},"content":{"rendered":"\t\t<div data-elementor-type=\"wp-page\" data-elementor-id=\"832\" class=\"elementor elementor-832\" data-elementor-post-type=\"page\">\n\t\t\t\t\t\t<section class=\"elementor-section elementor-top-section elementor-element elementor-element-54976eb8 elementor-section-full_width elementor-section-height-min-height elementor-section-items-stretch elementor-section-content-middle elementor-section-height-default\" data-id=\"54976eb8\" data-element_type=\"section\">\n\t\t\t\t\t\t<div class=\"elementor-container elementor-column-gap-no\">\n\t\t\t\t\t<div class=\"elementor-column elementor-col-100 elementor-top-column elementor-element elementor-element-1e629b3\" data-id=\"1e629b3\" data-element_type=\"column\" data-settings=\"{&quot;background_background&quot;:&quot;classic&quot;,&quot;motion_fx_motion_fx_scrolling&quot;:&quot;yes&quot;,&quot;motion_fx_translateY_effect&quot;:&quot;yes&quot;,&quot;motion_fx_translateY_direction&quot;:&quot;negative&quot;,&quot;motion_fx_translateY_speed&quot;:{&quot;unit&quot;:&quot;px&quot;,&quot;size&quot;:&quot;1.1&quot;,&quot;sizes&quot;:[]},&quot;motion_fx_devices&quot;:[&quot;desktop&quot;],&quot;motion_fx_translateY_affectedRange&quot;:{&quot;unit&quot;:&quot;%&quot;,&quot;size&quot;:&quot;&quot;,&quot;sizes&quot;:{&quot;start&quot;:0,&quot;end&quot;:100}}}\">\n\t\t\t<div class=\"elementor-widget-wrap elementor-element-populated\">\n\t\t\t\t\t\t<div class=\"elementor-element elementor-element-a4c4f02 elementor-invisible elementor-widget elementor-widget-heading\" data-id=\"a4c4f02\" data-element_type=\"widget\" data-settings=\"{&quot;_animation&quot;:&quot;fadeInUp&quot;,&quot;_animation_mobile&quot;:&quot;none&quot;}\" data-widget_type=\"heading.default\">\n\t\t\t\t<div class=\"elementor-widget-container\">\n\t\t\t\t\t<h2 class=\"elementor-heading-title elementor-size-default\">Terapi Nas\u0131l \u0130\u015fler<\/h2>\t\t\t\t<\/div>\n\t\t\t\t<\/div>\n\t\t\t\t<section class=\"elementor-section elementor-inner-section elementor-element elementor-element-59fb4fc elementor-section-boxed elementor-section-height-default elementor-section-height-default\" data-id=\"59fb4fc\" data-element_type=\"section\">\n\t\t\t\t\t\t<div class=\"elementor-container elementor-column-gap-no\">\n\t\t\t\t\t<div class=\"elementor-column elementor-col-100 elementor-inner-column elementor-element elementor-element-260eb3b\" data-id=\"260eb3b\" data-element_type=\"column\">\n\t\t\t<div class=\"elementor-widget-wrap elementor-element-populated\">\n\t\t\t\t\t\t<div class=\"elementor-element elementor-element-4b8cfe6 elementor-invisible elementor-widget elementor-widget-text-editor\" data-id=\"4b8cfe6\" data-element_type=\"widget\" data-settings=\"{&quot;_animation&quot;:&quot;fadeIn&quot;}\" data-widget_type=\"text-editor.default\">\n\t\t\t\t<div class=\"elementor-widget-container\">\n\t\t\t\t\t\t\t\t\t<div><div><p>Terapi, d\u00fc\u015f\u00fcncelerinizi ve duygular\u0131n\u0131z\u0131 yarg\u0131lanmadan ke\u015ffetmeniz i\u00e7in g\u00fcvenli ve destekleyici bir ortam sa\u011flar.<\/p><p>Bu s\u00fcre\u00e7, kendinize ve kararlar\u0131n\u0131za g\u00fcveninizi art\u0131rarak, daha bilin\u00e7li se\u00e7imler yapman\u0131z\u0131 sa\u011flar.<\/p><p>G\u00fcvene dayal\u0131 bir ili\u015fki, ki\u015finin \u00f6nce sakinle\u015fmesine ve kendisiyle sakin ve huzurlu bir ili\u015fki kurmas\u0131na, sonra da de\u011fi\u015fim i\u00e7in kendine g\u00fcven ve cesaret bulmas\u0131na yard\u0131mc\u0131 olur.<\/p><p>Seanslar, tamamen sizin istek, ihtiya\u00e7 ve ritminize g\u00f6re ayarlanacakt\u0131r.<\/p><p>Temel amac\u0131m\u0131z, kendinizi daha iyi tan\u0131man\u0131z, kendinizle ili\u015fkinizde sakin ve huzurlu bir d\u00f6neme ge\u00e7meniz ve hayat\u0131n\u0131z\u0131 ve ili\u015fkilerinizi daha g\u00fc\u00e7l\u00fc ve i\u015flevsel bir \u015fekilde d\u00fczenleyebilmenizdir.<\/p><p>Talep ve hak etti\u011finiz de\u011fi\u015fim ve geli\u015fimi olu\u015fturabilmenizde, size destek olmak i\u00e7in buraday\u0131m.<\/p><\/div><\/div>\t\t\t\t\t\t\t\t<\/div>\n\t\t\t\t<\/div>\n\t\t\t\t\t<\/div>\n\t\t<\/div>\n\t\t\t\t\t<\/div>\n\t\t<\/section>\n\t\t\t\t\t<\/div>\n\t\t<\/div>\n\t\t\t\t\t<\/div>\n\t\t<\/section>\n\t\t\t\t<\/div>\n\t\t","protected":false},"excerpt":{"rendered":"<p>Terapi Nas\u0131l \u0130\u015fler Terapi, d\u00fc\u015f\u00fcncelerinizi ve duygular\u0131n\u0131z\u0131 yarg\u0131lanmadan ke\u015ffetmeniz i\u00e7in g\u00fcvenli ve destekleyici bir ortam sa\u011flar. Bu s\u00fcre\u00e7, kendinize ve kararlar\u0131n\u0131za g\u00fcveninizi art\u0131rarak, daha bilin\u00e7li se\u00e7imler yapman\u0131z\u0131 sa\u011flar. G\u00fcvene dayal\u0131 bir ili\u015fki, ki\u015finin \u00f6nce sakinle\u015fmesine ve kendisiyle sakin ve huzurlu bir ili\u015fki kurmas\u0131na, sonra da de\u011fi\u015fim i\u00e7in kendine g\u00fcven ve cesaret bulmas\u0131na yard\u0131mc\u0131 olur. Seanslar, [&hellip;]<\/p>\n","protected":false},"author":1,"featured_media":0,"parent":0,"menu_order":0,"comment_status":"closed","ping_status":"closed","template":"","meta":{"footnotes":""},"class_list":["post-832","page","type-page","status-publish","hentry"],"yoast_head":"<!-- This site is optimized with the Yoast SEO plugin v24.5 - https:\/\/yoast.com\/wordpress\/plugins\/seo\/ -->\n<title>Terapi Nas\u0131l \u0130\u015fler - Esra Yaman Therapy<\/title>\n<meta name=\"robots\" content=\"index, follow, max-snippet:-1, max-image-preview:large, max-video-preview:-1\" \/>\n<link rel=\"canonical\" href=\"https:\/\/www.esrayaman.com\/blog\/tr\/terapi-nasil-isler\/\" \/>\n<meta property=\"og:locale\" content=\"en_GB\" \/>\n<meta property=\"og:type\" content=\"article\" \/>\n<meta property=\"og:title\" content=\"Terapi Nas\u0131l \u0130\u015fler - Esra Yaman Therapy\" \/>\n<meta property=\"og:description\" content=\"Terapi Nas\u0131l \u0130\u015fler Terapi, d\u00fc\u015f\u00fcncelerinizi ve duygular\u0131n\u0131z\u0131 yarg\u0131lanmadan ke\u015ffetmeniz i\u00e7in g\u00fcvenli ve destekleyici bir ortam sa\u011flar. Bu s\u00fcre\u00e7, kendinize ve kararlar\u0131n\u0131za g\u00fcveninizi art\u0131rarak, daha bilin\u00e7li se\u00e7imler yapman\u0131z\u0131 sa\u011flar. G\u00fcvene dayal\u0131 bir ili\u015fki, ki\u015finin \u00f6nce sakinle\u015fmesine ve kendisiyle sakin ve huzurlu bir ili\u015fki kurmas\u0131na, sonra da de\u011fi\u015fim i\u00e7in kendine g\u00fcven ve cesaret bulmas\u0131na yard\u0131mc\u0131 olur. Seanslar, [&hellip;]\" \/>\n<meta property=\"og:url\" content=\"https:\/\/www.esrayaman.com\/blog\/tr\/terapi-nasil-isler\/\" \/>\n<meta property=\"og:site_name\" content=\"Esra Yaman Therapy\" \/>\n<meta property=\"article:modified_time\" content=\"2025-03-28T11:52:33+00:00\" \/>\n<meta name=\"twitter:card\" content=\"summary_large_image\" \/>\n<meta name=\"twitter:label1\" content=\"Estimated reading time\" \/>\n\t<meta name=\"twitter:data1\" content=\"1 minute\" \/>\n<script type=\"application\/ld+json\" class=\"yoast-schema-graph\">{\"@context\":\"https:\/\/schema.org\",\"@graph\":[{\"@type\":\"WebPage\",\"@id\":\"https:\/\/www.esrayaman.com\/blog\/tr\/terapi-nasil-isler\/\",\"url\":\"https:\/\/www.esrayaman.com\/blog\/tr\/terapi-nasil-isler\/\",\"name\":\"Terapi Nas\u0131l \u0130\u015fler - Esra Yaman Therapy\",\"isPartOf\":{\"@id\":\"https:\/\/www.esrayaman.com\/blog\/#website\"},\"datePublished\":\"2020-11-28T17:54:45+00:00\",\"dateModified\":\"2025-03-28T11:52:33+00:00\",\"breadcrumb\":{\"@id\":\"https:\/\/www.esrayaman.com\/blog\/tr\/terapi-nasil-isler\/#breadcrumb\"},\"inLanguage\":\"en-GB\",\"potentialAction\":[{\"@type\":\"ReadAction\",\"target\":[\"https:\/\/www.esrayaman.com\/blog\/tr\/terapi-nasil-isler\/\"]}]},{\"@type\":\"BreadcrumbList\",\"@id\":\"https:\/\/www.esrayaman.com\/blog\/tr\/terapi-nasil-isler\/#breadcrumb\",\"itemListElement\":[{\"@type\":\"ListItem\",\"position\":1,\"name\":\"Home\",\"item\":\"https:\/\/www.esrayaman.com\/blog\/en\/home-page\/\"},{\"@type\":\"ListItem\",\"position\":2,\"name\":\"Terapi Nas\u0131l \u0130\u015fler\"}]},{\"@type\":\"WebSite\",\"@id\":\"https:\/\/www.esrayaman.com\/blog\/#website\",\"url\":\"https:\/\/www.esrayaman.com\/blog\/\",\"name\":\"Esra Yaman Therapy\",\"description\":\"\",\"potentialAction\":[{\"@type\":\"SearchAction\",\"target\":{\"@type\":\"EntryPoint\",\"urlTemplate\":\"https:\/\/www.esrayaman.com\/blog\/?s={search_term_string}\"},\"query-input\":{\"@type\":\"PropertyValueSpecification\",\"valueRequired\":true,\"valueName\":\"search_term_string\"}}],\"inLanguage\":\"en-GB\"}]}<\/script>\n<!-- \/ Yoast SEO plugin. -->","yoast_head_json":{"title":"Terapi Nas\u0131l \u0130\u015fler - Esra Yaman Therapy","robots":{"index":"index","follow":"follow","max-snippet":"max-snippet:-1","max-image-preview":"max-image-preview:large","max-video-preview":"max-video-preview:-1"},"canonical":"https:\/\/www.esrayaman.com\/blog\/tr\/terapi-nasil-isler\/","og_locale":"en_GB","og_type":"article","og_title":"Terapi Nas\u0131l \u0130\u015fler - Esra Yaman Therapy","og_description":"Terapi Nas\u0131l \u0130\u015fler Terapi, d\u00fc\u015f\u00fcncelerinizi ve duygular\u0131n\u0131z\u0131 yarg\u0131lanmadan ke\u015ffetmeniz i\u00e7in g\u00fcvenli ve destekleyici bir ortam sa\u011flar. Bu s\u00fcre\u00e7, kendinize ve kararlar\u0131n\u0131za g\u00fcveninizi art\u0131rarak, daha bilin\u00e7li se\u00e7imler yapman\u0131z\u0131 sa\u011flar. G\u00fcvene dayal\u0131 bir ili\u015fki, ki\u015finin \u00f6nce sakinle\u015fmesine ve kendisiyle sakin ve huzurlu bir ili\u015fki kurmas\u0131na, sonra da de\u011fi\u015fim i\u00e7in kendine g\u00fcven ve cesaret bulmas\u0131na yard\u0131mc\u0131 olur. Seanslar, [&hellip;]","og_url":"https:\/\/www.esrayaman.com\/blog\/tr\/terapi-nasil-isler\/","og_site_name":"Esra Yaman Therapy","article_modified_time":"2025-03-28T11:52:33+00:00","twitter_card":"summary_large_image","twitter_misc":{"Estimated reading time":"1 minute"},"schema":{"@context":"https:\/\/schema.org","@graph":[{"@type":"WebPage","@id":"https:\/\/www.esrayaman.com\/blog\/tr\/terapi-nasil-isler\/","url":"https:\/\/www.esrayaman.com\/blog\/tr\/terapi-nasil-isler\/","name":"Terapi Nas\u0131l \u0130\u015fler - Esra Yaman Therapy","isPartOf":{"@id":"https:\/\/www.esrayaman.com\/blog\/#website"},"datePublished":"2020-11-28T17:54:45+00:00","dateModified":"2025-03-28T11:52:33+00:00","breadcrumb":{"@id":"https:\/\/www.esrayaman.com\/blog\/tr\/terapi-nasil-isler\/#breadcrumb"},"inLanguage":"en-GB","potentialAction":[{"@type":"ReadAction","target":["https:\/\/www.esrayaman.com\/blog\/tr\/terapi-nasil-isler\/"]}]},{"@type":"BreadcrumbList","@id":"https:\/\/www.esrayaman.com\/blog\/tr\/terapi-nasil-isler\/#breadcrumb","itemListElement":[{"@type":"ListItem","position":1,"name":"Home","item":"https:\/\/www.esrayaman.com\/blog\/en\/home-page\/"},{"@type":"ListItem","position":2,"name":"Terapi Nas\u0131l \u0130\u015fler"}]},{"@type":"WebSite","@id":"https:\/\/www.esrayaman.com\/blog\/#website","url":"https:\/\/www.esrayaman.com\/blog\/","name":"Esra Yaman Therapy","description":"","potentialAction":[{"@type":"SearchAction","target":{"@type":"EntryPoint","urlTemplate":"https:\/\/www.esrayaman.com\/blog\/?s={search_term_string}"},"query-input":{"@type":"PropertyValueSpecification","valueRequired":true,"valueName":"search_term_string"}}],"inLanguage":"en-GB"}]}},"_links":{"self":[{"href":"https:\/\/www.esrayaman.com\/blog\/wp-json\/wp\/v2\/pages\/832"}],"collection":[{"href":"https:\/\/www.esrayaman.com\/blog\/wp-json\/wp\/v2\/pages"}],"about":[{"href":"https:\/\/www.esrayaman.com\/blog\/wp-json\/wp\/v2\/types\/page"}],"author":[{"embeddable":true,"href":"https:\/\/www.esrayaman.com\/blog\/wp-json\/wp\/v2\/users\/1"}],"replies":[{"embeddable":true,"href":"https:\/\/www.esrayaman.com\/blog\/wp-json\/wp\/v2\/comments?post=832"}],"version-history":[{"count":4,"href":"https:\/\/www.esrayaman.com\/blog\/wp-json\/wp\/v2\/pages\/832\/revisions"}],"predecessor-version":[{"id":836,"href":"https:\/\/www.esrayaman.com\/blog\/wp-json\/wp\/v2\/pages\/832\/revisions\/836"}],"wp:attachment":[{"href":"https:\/\/www.esrayaman.com\/blog\/wp-json\/wp\/v2\/media?parent=832"}],"curies":[{"name":"wp","href":"https:\/\/api.w.org\/{rel}","templated":true}]}}