{"id":838,"date":"2020-11-28T17:54:45","date_gmt":"2020-11-28T17:54:45","guid":{"rendered":"https:\/\/www.esrayaman.com\/blog\/?page_id=838"},"modified":"2025-03-28T11:57:13","modified_gmt":"2025-03-28T11:57:13","slug":"benim-yaklasimim","status":"publish","type":"page","link":"https:\/\/www.esrayaman.com\/blog\/tr\/benim-yaklasimim\/","title":{"rendered":"Benim Yakla\u015f\u0131m\u0131m"},"content":{"rendered":"\t\t<div data-elementor-type=\"wp-page\" data-elementor-id=\"838\" class=\"elementor elementor-838\" data-elementor-post-type=\"page\">\n\t\t\t\t\t\t<section class=\"elementor-section elementor-top-section elementor-element elementor-element-6365ffea elementor-section-full_width elementor-section-height-min-height elementor-section-items-stretch elementor-section-content-middle elementor-section-height-default\" data-id=\"6365ffea\" data-element_type=\"section\" data-settings=\"{&quot;background_background&quot;:&quot;classic&quot;}\">\n\t\t\t\t\t\t<div class=\"elementor-container elementor-column-gap-no\">\n\t\t\t\t\t<div class=\"elementor-column elementor-col-100 elementor-top-column elementor-element elementor-element-139800d\" data-id=\"139800d\" data-element_type=\"column\" data-settings=\"{&quot;background_background&quot;:&quot;classic&quot;,&quot;motion_fx_motion_fx_scrolling&quot;:&quot;yes&quot;,&quot;motion_fx_translateY_effect&quot;:&quot;yes&quot;,&quot;motion_fx_translateY_direction&quot;:&quot;negative&quot;,&quot;motion_fx_translateY_speed&quot;:{&quot;unit&quot;:&quot;px&quot;,&quot;size&quot;:&quot;1.1&quot;,&quot;sizes&quot;:[]},&quot;motion_fx_devices&quot;:[&quot;desktop&quot;],&quot;motion_fx_translateY_affectedRange&quot;:{&quot;unit&quot;:&quot;%&quot;,&quot;size&quot;:&quot;&quot;,&quot;sizes&quot;:{&quot;start&quot;:0,&quot;end&quot;:100}}}\">\n\t\t\t<div class=\"elementor-widget-wrap elementor-element-populated\">\n\t\t\t\t\t\t<div class=\"elementor-element elementor-element-9dc655d elementor-invisible elementor-widget elementor-widget-heading\" data-id=\"9dc655d\" data-element_type=\"widget\" data-settings=\"{&quot;_animation&quot;:&quot;fadeInUp&quot;,&quot;_animation_mobile&quot;:&quot;none&quot;}\" data-widget_type=\"heading.default\">\n\t\t\t\t<div class=\"elementor-widget-container\">\n\t\t\t\t\t<h2 class=\"elementor-heading-title elementor-size-default\">Benim Yakla\u015f\u0131m\u0131m<\/h2>\t\t\t\t<\/div>\n\t\t\t\t<\/div>\n\t\t\t\t<section class=\"elementor-section elementor-inner-section elementor-element elementor-element-2ddab54 elementor-section-boxed elementor-section-height-default elementor-section-height-default\" data-id=\"2ddab54\" data-element_type=\"section\">\n\t\t\t\t\t\t<div class=\"elementor-container elementor-column-gap-no\">\n\t\t\t\t\t<div class=\"elementor-column elementor-col-100 elementor-inner-column elementor-element elementor-element-0dd9337\" data-id=\"0dd9337\" data-element_type=\"column\">\n\t\t\t<div class=\"elementor-widget-wrap elementor-element-populated\">\n\t\t\t\t\t\t<div class=\"elementor-element elementor-element-9b74137 elementor-invisible elementor-widget elementor-widget-text-editor\" data-id=\"9b74137\" data-element_type=\"widget\" data-settings=\"{&quot;_animation&quot;:&quot;fadeIn&quot;}\" data-widget_type=\"text-editor.default\">\n\t\t\t\t<div class=\"elementor-widget-container\">\n\t\t\t\t\t\t\t\t\t<p>Ki\u015finin, \u00e7ocukluk \u00e7a\u011f\u0131 ili\u015fkilerini ve tecr\u00fcbelerini, ve onlar\u0131n bug\u00fcnk\u00fc hayat\u0131na etkilerini dikkate alarak, ruh, beden ve zihin ba\u011flant\u0131lar\u0131n\u0131 g\u00fc\u00e7lendirmesine destek olan, b\u00fct\u00fcnsel (integrative) \u00e7al\u0131\u015fan bir terapistim.<\/p><p>Ki\u015fi odakl\u0131 terapi (Person-Centred), ba\u011flanma odakl\u0131 terapi (Attachment Based) ve Bedensel deneyimle (Somatic) tekniklerini birle\u015ftirerek, ki\u015filerin kendi i\u00e7 d\u00fcnyalar\u0131nda ve g\u00fcnl\u00fck hayat ve ili\u015fkilerinde istedikleri de\u011fi\u015fimleri ve geli\u015fmeleri yapabilmeleri i\u00e7in psikolojik destek ve bilgilendirme hizmeti veriyorum.<\/p><p>\u00c7ocukluk \u00e7a\u011f\u0131 deneyimleri, ki\u015finin \u00f6zg\u00fcvenini, psikolojik dayan\u0131kl\u0131l\u0131\u011f\u0131n\u0131, savunma mekanizmalar\u0131n\u0131 ve yeti\u015fkin hayat\u0131nda kuraca\u011f\u0131 ili\u015fkileri do\u011frudan etkileyen tecr\u00fcbelerdir.<\/p><p>Ki\u015finin, kendisini g\u00fcvende hissetti\u011fi bir ortam ve ili\u015fki i\u00e7erisinde duygu, d\u00fc\u015f\u00fcnce ve tecr\u00fcbelerini g\u00f6zde ge\u00e7irebilmesi, kendisine olan g\u00fcvenini per\u00e7inler, kendisi ve \u00e7evresiyle olan ili\u015fkilerini daha g\u00fc\u00e7l\u00fc ve sa\u011flam kurmas\u0131na yard\u0131mc\u0131 olur.<\/p><p>Seanslar arac\u0131l\u0131\u011f\u0131 ile terapist ile kurulan ili\u015fki, sizin g\u00fcvenli ve d\u00fczenli bir alan ve ili\u015fki tecr\u00fcbesi edinmenizi sa\u011flayacakt\u0131r. Bu tecr\u00fcbe de zaman i\u00e7erisinde kendi hayat\u0131n\u0131zda istedi\u011finiz de\u011fi\u015fiklikleri ve yenilikleri yapabilmeniz i\u00e7in olanak sa\u011flayacakt\u0131r.<\/p><p>Hepimiz, \u00e7ocukluk \u00e7a\u011flar\u0131m\u0131zda, duygusal ac\u0131 ve hayat tecr\u00fcbelerimizle ba\u015fa \u00e7\u0131kabilmek i\u00e7in, bilin\u00e7alt\u0131m\u0131z ve sinir sistemimiz yard\u0131m\u0131yla \u00e7e\u015fitli savunma mekanizmalar\u0131 olu\u015ftururuz. Ba\u015flang\u0131\u00e7ta bizi korumak i\u00e7in olu\u015fturulan bu y\u00f6ntemler zaman i\u00e7erisinde hem i\u015flevlerini yitirebilirler, hem de hayat\u0131m\u0131zda engel te\u015fkil etmeye ba\u015flayabilirler. Ancak otomatik pilotta hareket edebilen sinir sistemimiz, bu y\u00f6ntemleri elimine ederek yerine yenilerini yerle\u015ftiremeyebilir. G\u00f6r\u00fc\u015fmelerimiz s\u0131ras\u0131nda, size \u00f6zel savunma mekanizmalar\u0131n\u0131z\u0131, hayatla ve tecr\u00fcbelerinizle ba\u015fa \u00e7\u0131kma metotlar\u0131n\u0131z\u0131 birlikte g\u00f6zden ge\u00e7irebiliriz. Art\u0131k i\u015flevini yitirenlerin yerine daha i\u015flevsel olanlar\u0131 birlikte ke\u015ffederek pratige d\u00f6kebilmeniz i\u00e7in \u00e7al\u0131\u015fabiliriz.<\/p><p>Zaman zaman hepimiz, ayn\u0131 konuda birbirine z\u0131t duygu, d\u00fc\u015f\u00fcnce ve istekler ta\u015f\u0131yabiliriz. Birbirine z\u0131t sesler i\u00e7imizde yank\u0131lanarak bizi strese, gerginli\u011fe ve mental yorgunlu\u011fa s\u00fcr\u00fckleyebilirler. \u0130\u00e7imizde olu\u015fan bu farkl\u0131 hatta z\u0131t seslere sahip par\u00e7alar\u0131m\u0131z\u0131n kendi aralar\u0131nda anla\u015fma sa\u011flamalar\u0131 bir s\u00fcre sonra i\u00e7 huzurumuzun artmas\u0131na sebep olacakt\u0131r. \u00c7al\u0131\u015fmalar\u0131m\u0131z s\u0131ras\u0131nda, i\u00e7inizdeki size \u00f6zel par\u00e7alar\u0131n anla\u015f\u0131lmas\u0131na ve kendi aralar\u0131nda bir uyumun sa\u011flanmas\u0131na yard\u0131mc\u0131 olabiliriz.<\/p><p>Ara\u015ft\u0131rmalar, bedenin kay\u0131t tuttu\u011funu, bebeklik \u00e7a\u011f\u0131m\u0131zdan itibaren ya\u015fad\u0131\u011f\u0131m\u0131z t\u00fcm tecr\u00fcbe ve duygular\u0131n beden arac\u0131l\u0131\u011f\u0131 ile sistemimize entegre edildi\u011fini g\u00f6steriyor. Bu sebepten, duygu ve tecr\u00fcbelerin bedendeki izlerini ve etkilerini de takip ederek b\u00fct\u00fcnsel bir yakla\u015f\u0131m izlemekteyim. Somatik deneyimleme pratikleri ile sinir sisteminin kendisini g\u00fcvende hissetme potansiyeli artacak ve kendinizi sakinle\u015ftirme becerileriniz daha da geli\u015fecektir.<\/p><div><p>BACP (\u0130ngiltere Psikolojik Dan\u0131\u015fmanl\u0131k ve Psikoterapi Derne\u011fi) kay\u0131tl\u0131 \u00fcyesi.<\/p><p>Diploma in Integrative Therapeutic Counselling (B\u00fct\u00fcnsel Terap\u00f6tik Dan\u0131\u015fmanl\u0131k)<\/p><p>Diploma in Integrating Attachment-Based Psychotherapy into Clinical Practice (Ba\u011flanma Temelli Psikoterapinin Klinik Uygulamaya Entegresi)<\/p><p>Babette Rothschild ile Somatic Trauma Therapy.<\/p><\/div><div><p>Benimle\u00a0<a href=\"mailto:esrayaman@gmail.com\" target=\"_blank\" rel=\"noopener\">esrayaman@gmail.com\u00a0<\/a>\u00fczerinden ileti\u015fime ge\u00e7ebilirsiniz<\/p><\/div>\t\t\t\t\t\t\t\t<\/div>\n\t\t\t\t<\/div>\n\t\t\t\t\t<\/div>\n\t\t<\/div>\n\t\t\t\t\t<\/div>\n\t\t<\/section>\n\t\t\t\t\t<\/div>\n\t\t<\/div>\n\t\t\t\t\t<\/div>\n\t\t<\/section>\n\t\t\t\t<\/div>\n\t\t","protected":false},"excerpt":{"rendered":"<p>Benim Yakla\u015f\u0131m\u0131m Ki\u015finin, \u00e7ocukluk \u00e7a\u011f\u0131 ili\u015fkilerini ve tecr\u00fcbelerini, ve onlar\u0131n bug\u00fcnk\u00fc hayat\u0131na etkilerini dikkate alarak, ruh, beden ve zihin ba\u011flant\u0131lar\u0131n\u0131 g\u00fc\u00e7lendirmesine destek olan, b\u00fct\u00fcnsel (integrative) \u00e7al\u0131\u015fan bir terapistim. Ki\u015fi odakl\u0131 terapi (Person-Centred), ba\u011flanma odakl\u0131 terapi (Attachment Based) ve Bedensel deneyimle (Somatic) tekniklerini birle\u015ftirerek, ki\u015filerin kendi i\u00e7 d\u00fcnyalar\u0131nda ve g\u00fcnl\u00fck hayat ve ili\u015fkilerinde istedikleri de\u011fi\u015fimleri ve [&hellip;]<\/p>\n","protected":false},"author":1,"featured_media":0,"parent":0,"menu_order":0,"comment_status":"closed","ping_status":"closed","template":"","meta":{"footnotes":""},"class_list":["post-838","page","type-page","status-publish","hentry"],"yoast_head":"<!-- This site is optimized with the Yoast SEO plugin v24.5 - https:\/\/yoast.com\/wordpress\/plugins\/seo\/ -->\n<title>Benim Yakla\u015f\u0131m\u0131m - Esra Yaman Therapy<\/title>\n<meta name=\"robots\" content=\"index, follow, max-snippet:-1, max-image-preview:large, max-video-preview:-1\" \/>\n<link rel=\"canonical\" href=\"https:\/\/www.esrayaman.com\/blog\/tr\/benim-yaklasimim\/\" \/>\n<meta property=\"og:locale\" content=\"en_GB\" \/>\n<meta property=\"og:type\" content=\"article\" \/>\n<meta property=\"og:title\" content=\"Benim Yakla\u015f\u0131m\u0131m - Esra Yaman Therapy\" \/>\n<meta property=\"og:description\" content=\"Benim Yakla\u015f\u0131m\u0131m Ki\u015finin, \u00e7ocukluk \u00e7a\u011f\u0131 ili\u015fkilerini ve tecr\u00fcbelerini, ve onlar\u0131n bug\u00fcnk\u00fc hayat\u0131na etkilerini dikkate alarak, ruh, beden ve zihin ba\u011flant\u0131lar\u0131n\u0131 g\u00fc\u00e7lendirmesine destek olan, b\u00fct\u00fcnsel (integrative) \u00e7al\u0131\u015fan bir terapistim. Ki\u015fi odakl\u0131 terapi (Person-Centred), ba\u011flanma odakl\u0131 terapi (Attachment Based) ve Bedensel deneyimle (Somatic) tekniklerini birle\u015ftirerek, ki\u015filerin kendi i\u00e7 d\u00fcnyalar\u0131nda ve g\u00fcnl\u00fck hayat ve ili\u015fkilerinde istedikleri de\u011fi\u015fimleri ve [&hellip;]\" \/>\n<meta property=\"og:url\" content=\"https:\/\/www.esrayaman.com\/blog\/tr\/benim-yaklasimim\/\" \/>\n<meta property=\"og:site_name\" content=\"Esra Yaman Therapy\" \/>\n<meta property=\"article:modified_time\" content=\"2025-03-28T11:57:13+00:00\" \/>\n<meta name=\"twitter:card\" content=\"summary_large_image\" \/>\n<meta name=\"twitter:label1\" content=\"Estimated reading time\" \/>\n\t<meta name=\"twitter:data1\" content=\"2 minutes\" \/>\n<script type=\"application\/ld+json\" class=\"yoast-schema-graph\">{\"@context\":\"https:\/\/schema.org\",\"@graph\":[{\"@type\":\"WebPage\",\"@id\":\"https:\/\/www.esrayaman.com\/blog\/tr\/benim-yaklasimim\/\",\"url\":\"https:\/\/www.esrayaman.com\/blog\/tr\/benim-yaklasimim\/\",\"name\":\"Benim Yakla\u015f\u0131m\u0131m - Esra Yaman Therapy\",\"isPartOf\":{\"@id\":\"https:\/\/www.esrayaman.com\/blog\/#website\"},\"datePublished\":\"2020-11-28T17:54:45+00:00\",\"dateModified\":\"2025-03-28T11:57:13+00:00\",\"breadcrumb\":{\"@id\":\"https:\/\/www.esrayaman.com\/blog\/tr\/benim-yaklasimim\/#breadcrumb\"},\"inLanguage\":\"en-GB\",\"potentialAction\":[{\"@type\":\"ReadAction\",\"target\":[\"https:\/\/www.esrayaman.com\/blog\/tr\/benim-yaklasimim\/\"]}]},{\"@type\":\"BreadcrumbList\",\"@id\":\"https:\/\/www.esrayaman.com\/blog\/tr\/benim-yaklasimim\/#breadcrumb\",\"itemListElement\":[{\"@type\":\"ListItem\",\"position\":1,\"name\":\"Home\",\"item\":\"https:\/\/www.esrayaman.com\/blog\/en\/home-page\/\"},{\"@type\":\"ListItem\",\"position\":2,\"name\":\"Benim Yakla\u015f\u0131m\u0131m\"}]},{\"@type\":\"WebSite\",\"@id\":\"https:\/\/www.esrayaman.com\/blog\/#website\",\"url\":\"https:\/\/www.esrayaman.com\/blog\/\",\"name\":\"Esra Yaman Therapy\",\"description\":\"\",\"potentialAction\":[{\"@type\":\"SearchAction\",\"target\":{\"@type\":\"EntryPoint\",\"urlTemplate\":\"https:\/\/www.esrayaman.com\/blog\/?s={search_term_string}\"},\"query-input\":{\"@type\":\"PropertyValueSpecification\",\"valueRequired\":true,\"valueName\":\"search_term_string\"}}],\"inLanguage\":\"en-GB\"}]}<\/script>\n<!-- \/ Yoast SEO plugin. -->","yoast_head_json":{"title":"Benim Yakla\u015f\u0131m\u0131m - Esra Yaman Therapy","robots":{"index":"index","follow":"follow","max-snippet":"max-snippet:-1","max-image-preview":"max-image-preview:large","max-video-preview":"max-video-preview:-1"},"canonical":"https:\/\/www.esrayaman.com\/blog\/tr\/benim-yaklasimim\/","og_locale":"en_GB","og_type":"article","og_title":"Benim Yakla\u015f\u0131m\u0131m - Esra Yaman Therapy","og_description":"Benim Yakla\u015f\u0131m\u0131m Ki\u015finin, \u00e7ocukluk \u00e7a\u011f\u0131 ili\u015fkilerini ve tecr\u00fcbelerini, ve onlar\u0131n bug\u00fcnk\u00fc hayat\u0131na etkilerini dikkate alarak, ruh, beden ve zihin ba\u011flant\u0131lar\u0131n\u0131 g\u00fc\u00e7lendirmesine destek olan, b\u00fct\u00fcnsel (integrative) \u00e7al\u0131\u015fan bir terapistim. Ki\u015fi odakl\u0131 terapi (Person-Centred), ba\u011flanma odakl\u0131 terapi (Attachment Based) ve Bedensel deneyimle (Somatic) tekniklerini birle\u015ftirerek, ki\u015filerin kendi i\u00e7 d\u00fcnyalar\u0131nda ve g\u00fcnl\u00fck hayat ve ili\u015fkilerinde istedikleri de\u011fi\u015fimleri ve [&hellip;]","og_url":"https:\/\/www.esrayaman.com\/blog\/tr\/benim-yaklasimim\/","og_site_name":"Esra Yaman Therapy","article_modified_time":"2025-03-28T11:57:13+00:00","twitter_card":"summary_large_image","twitter_misc":{"Estimated reading time":"2 minutes"},"schema":{"@context":"https:\/\/schema.org","@graph":[{"@type":"WebPage","@id":"https:\/\/www.esrayaman.com\/blog\/tr\/benim-yaklasimim\/","url":"https:\/\/www.esrayaman.com\/blog\/tr\/benim-yaklasimim\/","name":"Benim Yakla\u015f\u0131m\u0131m - Esra Yaman Therapy","isPartOf":{"@id":"https:\/\/www.esrayaman.com\/blog\/#website"},"datePublished":"2020-11-28T17:54:45+00:00","dateModified":"2025-03-28T11:57:13+00:00","breadcrumb":{"@id":"https:\/\/www.esrayaman.com\/blog\/tr\/benim-yaklasimim\/#breadcrumb"},"inLanguage":"en-GB","potentialAction":[{"@type":"ReadAction","target":["https:\/\/www.esrayaman.com\/blog\/tr\/benim-yaklasimim\/"]}]},{"@type":"BreadcrumbList","@id":"https:\/\/www.esrayaman.com\/blog\/tr\/benim-yaklasimim\/#breadcrumb","itemListElement":[{"@type":"ListItem","position":1,"name":"Home","item":"https:\/\/www.esrayaman.com\/blog\/en\/home-page\/"},{"@type":"ListItem","position":2,"name":"Benim Yakla\u015f\u0131m\u0131m"}]},{"@type":"WebSite","@id":"https:\/\/www.esrayaman.com\/blog\/#website","url":"https:\/\/www.esrayaman.com\/blog\/","name":"Esra Yaman Therapy","description":"","potentialAction":[{"@type":"SearchAction","target":{"@type":"EntryPoint","urlTemplate":"https:\/\/www.esrayaman.com\/blog\/?s={search_term_string}"},"query-input":{"@type":"PropertyValueSpecification","valueRequired":true,"valueName":"search_term_string"}}],"inLanguage":"en-GB"}]}},"_links":{"self":[{"href":"https:\/\/www.esrayaman.com\/blog\/wp-json\/wp\/v2\/pages\/838"}],"collection":[{"href":"https:\/\/www.esrayaman.com\/blog\/wp-json\/wp\/v2\/pages"}],"about":[{"href":"https:\/\/www.esrayaman.com\/blog\/wp-json\/wp\/v2\/types\/page"}],"author":[{"embeddable":true,"href":"https:\/\/www.esrayaman.com\/blog\/wp-json\/wp\/v2\/users\/1"}],"replies":[{"embeddable":true,"href":"https:\/\/www.esrayaman.com\/blog\/wp-json\/wp\/v2\/comments?post=838"}],"version-history":[{"count":4,"href":"https:\/\/www.esrayaman.com\/blog\/wp-json\/wp\/v2\/pages\/838\/revisions"}],"predecessor-version":[{"id":849,"href":"https:\/\/www.esrayaman.com\/blog\/wp-json\/wp\/v2\/pages\/838\/revisions\/849"}],"wp:attachment":[{"href":"https:\/\/www.esrayaman.com\/blog\/wp-json\/wp\/v2\/media?parent=838"}],"curies":[{"name":"wp","href":"https:\/\/api.w.org\/{rel}","templated":true}]}}